{"id":365,"date":"2020-01-27T23:32:33","date_gmt":"2020-01-27T23:32:33","guid":{"rendered":"https:\/\/e3clientes.com\/siler\/?page_id=365"},"modified":"2020-04-23T16:58:09","modified_gmt":"2020-04-23T23:58:09","slug":"notice-of-privacy","status":"publish","type":"page","link":"https:\/\/siler.com.mx\/us\/notice-of-privacy\/","title":{"rendered":"NOTICE OF PRIVACY"},"content":{"rendered":"<div class=\"avisopriva\">\n<h1 style=\"text-align: center;\">NOTICE OF PRIVACY<\/h1>\n<h2 style=\"text-align: center;\">PEGAMENTOS ESPECIALIZADOS, S.A. DE C.V.<\/h2>\n<p><strong>PEGAMENTOS ESPECIALIZADOS, S.A. DE C.V.<\/strong>, con domicilio en Calle Sur 6 No. 48, Colonia Agr\u00edcola Oriental, Alcald\u00eda Iztacalco, Ciudad de M\u00e9xico, C.P. 08500 tratar\u00e1 los siguientes datos recabados de acuerdo con el art\u00edculo 15 de la Ley Federal de Protecci\u00f3n de Datos Personales en Posesi\u00f3n de los Particulares.<\/p>\n<ol>\n<li>a) Nombre, domicilio, tel\u00e9fono de contacto y correo electr\u00f3nico los cuales son solicitados para proveer los servicios e informaci\u00f3n de productos en los que est\u00e1 interesado o que ha solicitado, notificarle sobre nuevos productos que tengan relaci\u00f3n con estos y comunicarle sobre cambios o novedades con los mismos, elaborar estudios y programas que son necesarios para determinar h\u00e1bitos de consumo, realizar evaluaciones peri\u00f3dicas de nuestro servicio a efecto de mejorar la calidad del mismo y en general para el control y administraci\u00f3n de nuestro<\/li>\n<\/ol>\n<p>Por lo que hace a la informaci\u00f3n a la que ha tenido acceso <strong>PEGAMENTOS ESPECIALIZADOS, S.A. DE C.V., <\/strong>nos comprometemos a tratarla con absoluta confidencialidad y utilizarla en los t\u00e9rminos del Aviso de Privacidad para los fines de administraci\u00f3n y comunicaci\u00f3n con Usted, as\u00ed como para los mencionados y especificados anteriormente.<\/p>\n<p>Usted tiene derecho a acceder, rectificar y cancelar los datos personales y sensibles que ha proporcionado, as\u00ed como de oponerse al tratamiento de los mismos en caso de que tengan una finalidad secundaria. Podr\u00e1 limitar su uso y divulgaci\u00f3n, as\u00ed como revocar el consentimiento que para tal fin nos haya otorgado. Para conocer los procedimientos, requisitos, plazos y condiciones del ejercicio de estos derechos, se puede poner en contacto con el Responsable de Servicio de Privacidad: Mar\u00eda Dolores Campos Monterrosa al correo electr\u00f3nico: <a href=\"mailto:avisodeprivacidad@siler.com.mx\"><strong>avisodeprivacidad@siler.com.mx<\/strong><\/a> o al tel\u00e9fono 55.5763.7578<\/p>\n<p>En caso de que no desee recibir mensajes promocionales de nuestra parte, puede enviar su solicitud o ponerse en contacto con nosotros por los medios mencionados anteriormente.<\/p>\n<p><strong>PEGAMENTOS ESPECIALIZADOS, S.A. DE C.V. <\/strong>podr\u00e1 revelar sus datos personales de acuerdo con los art\u00edculos 10 y 37 de la Ley Federal de Protecci\u00f3n de Datos en Posesi\u00f3n de los Particulares, cuando as\u00ed se lo requiera una autoridad o sea informaci\u00f3n del conocimiento p\u00fablico.<\/p>\n<p>Usted puede conocer el Aviso de Privacidad Integral poni\u00e9ndose en contacto con el Responsable de Privacidad del Departamento de Datos Personales en el correo electr\u00f3nico y\/o el n\u00famero telef\u00f3nico mencionado anteriormente.<\/p>\n<p>En el momento en que Usted proporciona la informaci\u00f3n que se le requiere, consiente y autoriza que sus datos personales y sensibles sean tratados en los t\u00e9rminos que se se\u00f1ala en el presente documento.<\/p>\n<h1 style=\"text-align: center;\">NOTICE OF PRIVACY<\/h1>\n<h2 style=\"text-align: center;\">SILER INDUSTRIAL POLIQU\u00cdMICA, SA DE CV<\/h2>\n<p><strong>\u00a0<\/strong><strong>\u00a0<\/strong><\/p>\n<p><strong>SILER INDUSTRIAL POLIQU\u00cdMICA, S.A. DE C.V.<\/strong>, con domicilio en Calle Sur 6 No. 48, Colonia Agr\u00edcola Oriental, Alcald\u00eda Iztacalco, Ciudad de M\u00e9xico, C.P. 08500 tratar\u00e1 los siguientes datos recabados de acuerdo con el art\u00edculo 15 de la Ley Federal de Protecci\u00f3n de Datos Personales en Posesi\u00f3n de los Particulares.<\/p>\n<ol>\n<li>a) Nombre, domicilio, tel\u00e9fono de contacto y correo electr\u00f3nico los cuales son solicitados para proveer los servicios e informaci\u00f3n de productos en los que est\u00e1 interesado o que ha solicitado, notificarle sobre nuevos productos que tengan relaci\u00f3n con estos y comunicarle sobre cambios o novedades con los mismos, elaborar estudios y programas que son necesarios para determinar h\u00e1bitos de consumo, realizar evaluaciones peri\u00f3dicas de nuestro servicio a efecto de mejorar la calidad del mismo y en general para el control y administraci\u00f3n de nuestro<\/li>\n<\/ol>\n<p>Por lo que hace a la informaci\u00f3n a la que ha tenido acceso <strong>SILER INDUSTRIAL POLIQU\u00cdMICA, S.A. DE C.V., <\/strong>nos comprometemos a tratarla con absoluta confidencialidad y utilizarla en los t\u00e9rminos del Aviso de Privacidad para los fines de administraci\u00f3n y comunicaci\u00f3n con Usted, as\u00ed como para los mencionados y especificados anteriormente.<\/p>\n<p>Usted tiene derecho a acceder, rectificar y cancelar los datos personales y sensibles que ha proporcionado, as\u00ed como de oponerse al tratamiento de los mismos en caso de que tengan una finalidad secundaria. Podr\u00e1 limitar su uso y divulgaci\u00f3n, as\u00ed como revocar el consentimiento que para tal fin nos haya otorgado. Para conocer los procedimientos, requisitos, plazos y condiciones del ejercicio de estos derechos, se puede poner en contacto con el Responsable de Servicio de Privacidad: Mar\u00eda Dolores Campos Monterrosa al correo electr\u00f3nico: <a href=\"mailto:avisodeprivacidad@siler.com.mx\"><strong>avisodeprivacidad@siler.com.mx<\/strong><\/a> o al tel\u00e9fono 55.5763.7578<\/p>\n<p>En caso de que no desee recibir mensajes promocionales de nuestra parte, puede enviar su solicitud o ponerse en contacto con nosotros por los medios mencionados anteriormente.<\/p>\n<p><strong>SILER INDUSTRIAL POLIQU\u00cdMICA, S.A. DE C.V. <\/strong>podr\u00e1 revelar sus datos personales de acuerdo con los art\u00edculos 10 y 37 de la Ley Federal de Protecci\u00f3n de Datos en Posesi\u00f3n de los Particulares, cuando as\u00ed se lo requiera una autoridad o sea informaci\u00f3n del conocimiento p\u00fablico.<\/p>\n<p>Usted puede conocer el Aviso de Privacidad Integral poni\u00e9ndose en contacto con el Responsable de Privacidad del Departamento de Datos Personales en el correo electr\u00f3nico y\/o el n\u00famero telef\u00f3nico mencionado anteriormente.<\/p>\n<p>En el momento en que Usted proporciona la informaci\u00f3n que se le requiere, consiente y autoriza que sus datos personales y sensibles sean tratados en los t\u00e9rminos que se se\u00f1ala en el presente documento.<\/p>\n<h1 style=\"text-align: center;\">NOTICE OF PRIVACY<\/h1>\n<h2 style=\"text-align: center;\">INDUSTRIAS ENHMAR, S.A. DE C.V.<strong>\u00a0<\/strong><\/h2>\n<p><strong>\u00a0<\/strong><\/p>\n<p><strong>INDUSTRIAS ENHMAR, S.A. DE C.V.<\/strong>, con domicilio en Calle Sur 6 No. 48, Colonia Agr\u00edcola Oriental, Alcald\u00eda Iztacalco, Ciudad de M\u00e9xico, C.P. 08500 tratar\u00e1 los siguientes datos recabados de acuerdo con el art\u00edculo 15 de la Ley Federal de Protecci\u00f3n de Datos Personales en Posesi\u00f3n de los Particulares.<\/p>\n<ol>\n<li>a) Nombre, domicilio, tel\u00e9fono de contacto y correo electr\u00f3nico los cuales son solicitados para proveer los servicios e informaci\u00f3n de productos en los que est\u00e1 interesado o que ha solicitado, notificarle sobre nuevos productos que tengan relaci\u00f3n con estos y comunicarle sobre cambios o novedades con los mismos, elaborar estudios y programas que son necesarios para determinar h\u00e1bitos de consumo, realizar evaluaciones peri\u00f3dicas de nuestro servicio a efecto de mejorar la calidad del mismo y en general para el control y administraci\u00f3n de nuestro<\/li>\n<\/ol>\n<p>Por lo que hace a la informaci\u00f3n a la que ha tenido acceso <strong>INDUSTRIAS ENHMAR, S.A. DE C.V., <\/strong>nos comprometemos a tratarla con absoluta confidencialidad y utilizarla en los t\u00e9rminos del Aviso de Privacidad para los fines de administraci\u00f3n y comunicaci\u00f3n con Usted, as\u00ed como para los mencionados y especificados anteriormente.<\/p>\n<p>Usted tiene derecho a acceder, rectificar y cancelar los datos personales y sensibles que ha proporcionado, as\u00ed como de oponerse al tratamiento de los mismos en caso de que tengan una finalidad secundaria. Podr\u00e1 limitar su uso y divulgaci\u00f3n, as\u00ed como revocar el consentimiento que para tal fin nos haya otorgado. Para conocer los procedimientos, requisitos, plazos y condiciones del ejercicio de estos derechos, se puede poner en contacto con el Responsable de Servicio de Privacidad: Mar\u00eda Dolores Campos Monterrosa al correo electr\u00f3nico: <a href=\"mailto:avisodeprivacidad@siler.com.mx\"><strong>avisodeprivacidad@siler.com.mx<\/strong><\/a> o al tel\u00e9fono 55.5763.7578<\/p>\n<p>En caso de que no desee recibir mensajes promocionales de nuestra parte, puede enviar su solicitud o ponerse en contacto con nosotros por los medios mencionados anteriormente.<\/p>\n<p><strong>INDUSTRIAS ENHMAR, S.A. DE C.V. <\/strong>podr\u00e1 revelar sus datos personales de acuerdo con los art\u00edculos 10 y 37 de la Ley Federal de Protecci\u00f3n de Datos en Posesi\u00f3n de los Particulares, cuando as\u00ed se lo requiera una autoridad o sea informaci\u00f3n del conocimiento p\u00fablico.<\/p>\n<p>Usted puede conocer el Aviso de Privacidad Integral poni\u00e9ndose en contacto con el Responsable de Privacidad del Departamento de Datos Personales en el correo electr\u00f3nico y\/o el n\u00famero telef\u00f3nico mencionado anteriormente.<\/p>\n<p>En el momento en que Usted proporciona la informaci\u00f3n que se le requiere, consiente y autoriza que sus datos personales y sensibles sean tratados en los t\u00e9rminos que se se\u00f1ala en el presente documento.<\/p>\n<\/div>\n","protected":false},"excerpt":{"rendered":"<p>NOTICE OF PRIVACY PEGAMENTOS ESPECIALIZADOS, S.A. DE C.V. PEGAMENTOS ESPECIALIZADOS, S.A. DE C.V., con domicilio en Calle Sur 6 No. 48, Colonia Agr\u00edcola Oriental, Alcald\u00eda Iztacalco,<span class=\"excerpt-hellip\"> [\u2026]<\/span><\/p>\n","protected":false},"author":1,"featured_media":0,"parent":0,"menu_order":0,"comment_status":"closed","ping_status":"closed","template":"","meta":{"footnotes":""},"aioseo_notices":[],"_links":{"self":[{"href":"https:\/\/siler.com.mx\/us\/wp-json\/wp\/v2\/pages\/365"}],"collection":[{"href":"https:\/\/siler.com.mx\/us\/wp-json\/wp\/v2\/pages"}],"about":[{"href":"https:\/\/siler.com.mx\/us\/wp-json\/wp\/v2\/types\/page"}],"author":[{"embeddable":true,"href":"https:\/\/siler.com.mx\/us\/wp-json\/wp\/v2\/users\/1"}],"replies":[{"embeddable":true,"href":"https:\/\/siler.com.mx\/us\/wp-json\/wp\/v2\/comments?post=365"}],"version-history":[{"count":0,"href":"https:\/\/siler.com.mx\/us\/wp-json\/wp\/v2\/pages\/365\/revisions"}],"wp:attachment":[{"href":"https:\/\/siler.com.mx\/us\/wp-json\/wp\/v2\/media?parent=365"}],"curies":[{"name":"wp","href":"https:\/\/api.w.org\/{rel}","templated":true}]}}